{"id":25,"date":"2024-07-21T08:43:47","date_gmt":"2024-07-21T08:43:47","guid":{"rendered":"https:\/\/cristiano.ukrdevs.com\/restaurant\/elementor\/?post_type=product&amp;p=25"},"modified":"2024-07-21T08:43:47","modified_gmt":"2024-07-21T08:43:47","slug":"spicy-jalapeno-burger","status":"publish","type":"product","link":"https:\/\/thewindmillvirundhu.com\/nl\/product\/spicy-jalapeno-burger\/","title":{"rendered":"Spicy Jalape\u00f1o Burger"},"content":{"rendered":"<p>Turn up the heat with our Spicy Jalape\u00f1o Burger. A seasoned beef patty topped with pepper jack cheese, sliced jalape\u00f1os, spicy mayo, lettuce, and tomato, all on a toasted ciabatta roll.<\/p>","protected":false},"excerpt":{"rendered":"<p>Turn up the heat with our Spicy Jalape\u00f1o Burger. A seasoned beef patty topped with pepper jack cheese, sliced jalape\u00f1os, spicy mayo, lettuce, and tomato, all on a toasted ciabatta&#8230;<\/p>","protected":false},"featured_media":107,"comment_status":"open","ping_status":"closed","template":"","meta":[],"product_brand":[],"product_cat":[15],"product_tag":[],"class_list":{"0":"post-25","1":"product","2":"type-product","3":"status-publish","4":"has-post-thumbnail","6":"product_cat-uncategorized","8":"first","9":"instock","10":"shipping-taxable","11":"purchasable","12":"product-type-simple"},"_links":{"self":[{"href":"https:\/\/thewindmillvirundhu.com\/nl\/wp-json\/wp\/v2\/product\/25","targetHints":{"allow":["GET"]}}],"collection":[{"href":"https:\/\/thewindmillvirundhu.com\/nl\/wp-json\/wp\/v2\/product"}],"about":[{"href":"https:\/\/thewindmillvirundhu.com\/nl\/wp-json\/wp\/v2\/types\/product"}],"replies":[{"embeddable":true,"href":"https:\/\/thewindmillvirundhu.com\/nl\/wp-json\/wp\/v2\/comments?post=25"}],"wp:featuredmedia":[{"embeddable":true,"href":"https:\/\/thewindmillvirundhu.com\/nl\/wp-json\/wp\/v2\/media\/107"}],"wp:attachment":[{"href":"https:\/\/thewindmillvirundhu.com\/nl\/wp-json\/wp\/v2\/media?parent=25"}],"wp:term":[{"taxonomy":"product_brand","embeddable":true,"href":"https:\/\/thewindmillvirundhu.com\/nl\/wp-json\/wp\/v2\/product_brand?post=25"},{"taxonomy":"product_cat","embeddable":true,"href":"https:\/\/thewindmillvirundhu.com\/nl\/wp-json\/wp\/v2\/product_cat?post=25"},{"taxonomy":"product_tag","embeddable":true,"href":"https:\/\/thewindmillvirundhu.com\/nl\/wp-json\/wp\/v2\/product_tag?post=25"}],"curies":[{"name":"wp","href":"https:\/\/api.w.org\/{rel}","templated":true}]}}